{"id":1149,"date":"2017-12-08T14:20:36","date_gmt":"2017-12-08T13:20:36","guid":{"rendered":"https:\/\/schoenstrasse.net\/neu\/?page_id=1149"},"modified":"2018-01-31T10:51:26","modified_gmt":"2018-01-31T09:51:26","slug":"dashboards","status":"publish","type":"page","link":"https:\/\/www.mcg-mbh.de\/wp\/dashboards\/","title":{"rendered":"Dashboards"},"content":{"rendered":"<p><strong>Mit einem Blick den Durchblick haben<\/strong><\/p>\n<p>Wir schaffen f\u00fcr Sie intelligente Dashboards, die einen komfortablen Einstieg in alle Ihre Analyse- und Reportinganwendungen dienen. Mit unseren Dashboard-Applikationen erhalten Sie einen eindrucksvollen und \u00fcbersichtlichen codierten \u00dcberblick \u00fcber Ihre Gesch\u00e4ftsentwicklung auch in Echtzeit.<\/p>\n<p>Spitzenkennzahlen werden dabei \u00fcbersichtlich pr\u00e4sentiert. Sie erhalten Ihre pers\u00f6nlichen KPIs auf ein Blick. Mit wenigen Klicks von diesem Einstiegscockpit erhalten Sie schnell detaillierte Informationen. So werden Monitoring und Erfolgskontrolle Ihres Verantwortungsbereiches zum Kinderspiel. Selbstverst\u00e4ndlich sind alle Applikationen auch mobil nutzbar.<\/p>\n<p>Lassen Sie Ihr Management-Cockpit zu Ihrem treuen Begleiter in der Unternehmenssteuerung werden!<\/p>\n<p><a href=\"https:\/\/www.mcg-mbh.de\/wp\/#primary\">< Zur\u00fcck<\/a><\/p>\n","protected":false},"excerpt":{"rendered":"<p>Mit einem Blick den Durchblick haben Wir schaffen f\u00fcr Sie intelligente Dashboards, die einen komfortablen Einstieg in alle Ihre Analyse- und Reportinganwendungen dienen. Mit unseren Dashboard-Applikationen erhalten Sie einen eindrucksvollen und \u00fcbersichtlichen codierten \u00dcberblick \u00fcber Ihre Gesch\u00e4ftsentwicklung auch in Echtzeit. Spitzenkennzahlen werden dabei \u00fcbersichtlich pr\u00e4sentiert. Sie erhalten Ihre pers\u00f6nlichen KPIs auf ein Blick. Mit wenigen&hellip;&nbsp;<a href=\"https:\/\/www.mcg-mbh.de\/wp\/dashboards\/\" class=\"\" rel=\"bookmark\">Weiterlesen &raquo;<span class=\"screen-reader-text\">Dashboards<\/span><\/a><\/p>\n","protected":false},"author":1,"featured_media":0,"parent":0,"menu_order":0,"comment_status":"closed","ping_status":"closed","template":"page-templates\/page_fullwidth.php","meta":{"_monsterinsights_skip_tracking":false,"_monsterinsights_sitenote_active":false,"_monsterinsights_sitenote_note":"","_monsterinsights_sitenote_category":0,"neve_meta_sidebar":"","neve_meta_container":"","neve_meta_enable_content_width":"","neve_meta_content_width":0,"neve_meta_title_alignment":"","neve_meta_author_avatar":"","neve_post_elements_order":"","neve_meta_disable_header":"","neve_meta_disable_footer":"","neve_meta_disable_title":""},"_links":{"self":[{"href":"https:\/\/www.mcg-mbh.de\/wp\/wp-json\/wp\/v2\/pages\/1149"}],"collection":[{"href":"https:\/\/www.mcg-mbh.de\/wp\/wp-json\/wp\/v2\/pages"}],"about":[{"href":"https:\/\/www.mcg-mbh.de\/wp\/wp-json\/wp\/v2\/types\/page"}],"author":[{"embeddable":true,"href":"https:\/\/www.mcg-mbh.de\/wp\/wp-json\/wp\/v2\/users\/1"}],"replies":[{"embeddable":true,"href":"https:\/\/www.mcg-mbh.de\/wp\/wp-json\/wp\/v2\/comments?post=1149"}],"version-history":[{"count":1,"href":"https:\/\/www.mcg-mbh.de\/wp\/wp-json\/wp\/v2\/pages\/1149\/revisions"}],"predecessor-version":[{"id":1387,"href":"https:\/\/www.mcg-mbh.de\/wp\/wp-json\/wp\/v2\/pages\/1149\/revisions\/1387"}],"wp:attachment":[{"href":"https:\/\/www.mcg-mbh.de\/wp\/wp-json\/wp\/v2\/media?parent=1149"}],"curies":[{"name":"wp","href":"https:\/\/api.w.org\/{rel}","templated":true}]}}